{"id":294,"date":"2022-12-05T12:06:06","date_gmt":"2022-12-05T11:06:06","guid":{"rendered":"https:\/\/monetymatrix.pl\/?page_id=294"},"modified":"2023-01-17T09:55:14","modified_gmt":"2023-01-17T08:55:14","slug":"o-monetach","status":"publish","type":"page","link":"https:\/\/monetymatrix.pl\/en\/about-coins\/","title":{"rendered":"About coins"},"content":{"rendered":"<div data-elementor-type=\"wp-page\" data-elementor-id=\"294\" class=\"elementor elementor-294\" data-elementor-post-type=\"page\">\n\t\t\t\t\t\t<section class=\"elementor-section elementor-top-section elementor-element elementor-element-79a8632 elementor-section-boxed elementor-section-height-default elementor-section-height-default\" data-id=\"79a8632\" data-element_type=\"section\">\n\t\t\t\t\t\t<div class=\"elementor-container elementor-column-gap-default\">\n\t\t\t\t\t<div class=\"elementor-column elementor-col-100 elementor-top-column elementor-element elementor-element-288df46\" data-id=\"288df46\" data-element_type=\"column\">\n\t\t\t<div class=\"elementor-widget-wrap elementor-element-populated\">\n\t\t\t\t\t\t<div class=\"elementor-element elementor-element-37a95ac elementor-widget elementor-widget-heading\" data-id=\"37a95ac\" data-element_type=\"widget\" data-widget_type=\"heading.default\">\n\t\t\t\t<div class=\"elementor-widget-container\">\n\t\t\t\t\t<h1 class=\"elementor-heading-title elementor-size-default\">About coins<\/h1>\t\t\t\t<\/div>\n\t\t\t\t<\/div>\n\t\t\t\t<div class=\"elementor-element elementor-element-4917b4a elementor-widget-divider--view-line elementor-widget elementor-widget-divider\" data-id=\"4917b4a\" data-element_type=\"widget\" data-widget_type=\"divider.default\">\n\t\t\t\t<div class=\"elementor-widget-container\">\n\t\t\t\t\t\t\t<div class=\"elementor-divider\">\n\t\t\t<span class=\"elementor-divider-separator\">\n\t\t\t\t\t\t<\/span>\n\t\t<\/div>\n\t\t\t\t\t\t<\/div>\n\t\t\t\t<\/div>\n\t\t\t\t\t<\/div>\n\t\t<\/div>\n\t\t\t\t\t<\/div>\n\t\t<\/section>\n\t\t\t\t<section class=\"elementor-section elementor-top-section elementor-element elementor-element-e4d2358 matrix elementor-section-boxed elementor-section-height-default elementor-section-height-default\" data-id=\"e4d2358\" data-element_type=\"section\">\n\t\t\t\t\t\t<div class=\"elementor-container elementor-column-gap-default\">\n\t\t\t\t\t<div class=\"elementor-column elementor-col-100 elementor-top-column elementor-element elementor-element-e891aec\" data-id=\"e891aec\" data-element_type=\"column\">\n\t\t\t<div class=\"elementor-widget-wrap elementor-element-populated\">\n\t\t\t\t\t\t<div class=\"elementor-element elementor-element-0339321 elementor-widget elementor-widget-heading\" data-id=\"0339321\" data-element_type=\"widget\" data-widget_type=\"heading.default\">\n\t\t\t\t<div class=\"elementor-widget-container\">\n\t\t\t\t\t<h3 class=\"elementor-heading-title elementor-size-default\">Coins with characters from the movie series <br \/>The Matrix<\/h3>\t\t\t\t<\/div>\n\t\t\t\t<\/div>\n\t\t\t\t<div class=\"elementor-element elementor-element-2e11218 elementor-widget-divider--view-line elementor-widget elementor-widget-divider\" data-id=\"2e11218\" data-element_type=\"widget\" data-widget_type=\"divider.default\">\n\t\t\t\t<div class=\"elementor-widget-container\">\n\t\t\t\t\t\t\t<div class=\"elementor-divider\">\n\t\t\t<span class=\"elementor-divider-separator\">\n\t\t\t\t\t\t<\/span>\n\t\t<\/div>\n\t\t\t\t\t\t<\/div>\n\t\t\t\t<\/div>\n\t\t\t\t<section class=\"elementor-section elementor-inner-section elementor-element elementor-element-169e447 elementor-section-full_width elementor-section-height-default elementor-section-height-default\" data-id=\"169e447\" data-element_type=\"section\">\n\t\t\t\t\t\t<div class=\"elementor-container elementor-column-gap-no\">\n\t\t\t\t\t<div class=\"elementor-column elementor-col-100 elementor-inner-column elementor-element elementor-element-9bced74\" data-id=\"9bced74\" data-element_type=\"column\">\n\t\t\t<div class=\"elementor-widget-wrap elementor-element-populated\">\n\t\t\t\t\t\t<div class=\"elementor-element elementor-element-0aa0cf0 elementor-widget elementor-widget-text-editor\" data-id=\"0aa0cf0\" data-element_type=\"widget\" data-widget_type=\"text-editor.default\">\n\t\t\t\t<div class=\"elementor-widget-container\">\n\t\t\t\t\t\t\t\t\t<p>The series will include collector coins minted in silver as well as coins minted in gold. These are not only classically round coins, but also statue-shaped coins.<\/p><p>Silver collector coins are characterized by a very high relief and interesting additions. Each coin is packed with a certificate of authenticity in an elegant box. Collector coins are also characterized by a limited mintage, emphasizing their uniqueness.<\/p><p>The mintage of each 2 oz silver coin is 500 pieces, 1 oz gold coins - 100 pieces, and 1\/10 oz gold coins - 500 pieces. Expenses will never be increased.<\/p><p>Coins with \"The Matrix\" series are full-fledged coins - they have the denomination and guarantee of the government. Due to the Polish law, only the National Bank of Poland has the possibility to issue coins with the currency expressed in Polish zlotys. For this reason, our coins have the denomination in New Zealand dollars and the guarantee of their authenticity and legality is provided by the government of the island of Niue. The head of the United Kingdom of Great Britain and Northern Ireland is the superior of this island, therefore the inscriptions on the obverse of the coins must be in English.<\/p>\t\t\t\t\t\t\t\t<\/div>\n\t\t\t\t<\/div>\n\t\t\t\t\t<\/div>\n\t\t<\/div>\n\t\t\t\t\t<\/div>\n\t\t<\/section>\n\t\t\t\t\t<\/div>\n\t\t<\/div>\n\t\t\t\t\t<\/div>\n\t\t<\/section>\n\t\t\t\t<section class=\"elementor-section elementor-top-section elementor-element elementor-element-a78d826 elementor-reverse-tablet elementor-reverse-mobile elementor-section-boxed elementor-section-height-default elementor-section-height-default\" data-id=\"a78d826\" data-element_type=\"section\">\n\t\t\t\t\t\t<div class=\"elementor-container elementor-column-gap-default\">\n\t\t\t\t\t<div class=\"elementor-column elementor-col-50 elementor-top-column elementor-element elementor-element-dcaf14e\" data-id=\"dcaf14e\" data-element_type=\"column\">\n\t\t\t<div class=\"elementor-widget-wrap elementor-element-populated\">\n\t\t\t\t\t\t<div class=\"elementor-element elementor-element-8a71047 elementor-widget elementor-widget-heading\" data-id=\"8a71047\" data-element_type=\"widget\" data-widget_type=\"heading.default\">\n\t\t\t\t<div class=\"elementor-widget-container\">\n\t\t\t\t\t<h3 class=\"elementor-heading-title elementor-size-default\">The matrix<\/h3>\t\t\t\t<\/div>\n\t\t\t\t<\/div>\n\t\t\t\t<div class=\"elementor-element elementor-element-f23eb61 elementor-widget-divider--view-line elementor-widget elementor-widget-divider\" data-id=\"f23eb61\" data-element_type=\"widget\" data-widget_type=\"divider.default\">\n\t\t\t\t<div class=\"elementor-widget-container\">\n\t\t\t\t\t\t\t<div class=\"elementor-divider\">\n\t\t\t<span class=\"elementor-divider-separator\">\n\t\t\t\t\t\t<\/span>\n\t\t<\/div>\n\t\t\t\t\t\t<\/div>\n\t\t\t\t<\/div>\n\t\t\t\t<div class=\"elementor-element elementor-element-a5b9b69 elementor-widget elementor-widget-text-editor\" data-id=\"a5b9b69\" data-element_type=\"widget\" data-widget_type=\"text-editor.default\">\n\t\t\t\t<div class=\"elementor-widget-container\">\n\t\t\t\t\t\t\t\t\t<p>Have you ever had a dream that you were so sure was real? What if you couldn't awaken? How would you know the difference between dream and reality?<\/p><p><br \/>When a beautiful stranger leads computer hacker Neo to a forbidding underworld, he discovers the shocking truth--the life he knows is the elaborate deception of an evil cyber-intelligence. Neo joins legendary and dangerous rebel warrior Morpheus in the battle to destroy the illusion enslaving humanity. Now, every move, every second, every thought becomes a fight to stay alive--to escape The Matrix.<\/p>\t\t\t\t\t\t\t\t<\/div>\n\t\t\t\t<\/div>\n\t\t\t\t\t<\/div>\n\t\t<\/div>\n\t\t\t\t<div class=\"elementor-column elementor-col-50 elementor-top-column elementor-element elementor-element-0ce0136\" data-id=\"0ce0136\" data-element_type=\"column\">\n\t\t\t<div class=\"elementor-widget-wrap elementor-element-populated\">\n\t\t\t\t\t\t<div class=\"elementor-element elementor-element-7523a19 elementor-widget elementor-widget-image\" data-id=\"7523a19\" data-element_type=\"widget\" data-widget_type=\"image.default\">\n\t\t\t\t<div class=\"elementor-widget-container\">\n\t\t\t\t\t\t\t\t\t\t\t\t\t\t\t<img fetchpriority=\"high\" decoding=\"async\" width=\"1200\" height=\"601\" src=\"https:\/\/monetymatrix.pl\/wp-content\/uploads\/2022\/10\/page-separator-1360x681.webp\" class=\"attachment-large size-large wp-image-85\" alt=\"\" srcset=\"https:\/\/monetymatrix.pl\/wp-content\/uploads\/2022\/10\/page-separator-1360x681.webp 1360w, https:\/\/monetymatrix.pl\/wp-content\/uploads\/2022\/10\/page-separator-420x210.webp 420w, https:\/\/monetymatrix.pl\/wp-content\/uploads\/2022\/10\/page-separator-768x385.webp 768w, https:\/\/monetymatrix.pl\/wp-content\/uploads\/2022\/10\/page-separator-1536x770.webp 1536w, https:\/\/monetymatrix.pl\/wp-content\/uploads\/2022\/10\/page-separator.webp 1920w\" sizes=\"(max-width: 1200px) 100vw, 1200px\" \/>\t\t\t\t\t\t\t\t\t\t\t\t\t\t\t<\/div>\n\t\t\t\t<\/div>\n\t\t\t\t\t<\/div>\n\t\t<\/div>\n\t\t\t\t\t<\/div>\n\t\t<\/section>\n\t\t\t\t<\/div>","protected":false},"excerpt":{"rendered":"<p>O monetach Monety z postaciami z serii film\u00f3w The Matrix W serii znajd\u0105 si\u0119 monety kolekcjonerskie wybite ze srebra, jak r\u00f3wnie\u017c monety wybite ze z\u0142ota. S\u0105 to nie tylko klasycznie okr\u0105g\u0142e monety, ale tak\u017ce monety w kszta\u0142cie statuy. Srebrne monety kolekcjonerskie charakteryzuj\u0105 si\u0119 bardzo wysokim reliefem oraz ciekawymi dodatkami. Ka\u017cda moneta zapakowana jest wraz z [&hellip;]<\/p>","protected":false},"author":2,"featured_media":0,"parent":0,"menu_order":0,"comment_status":"closed","ping_status":"closed","template":"elementor_header_footer","meta":{"footnotes":""},"class_list":["post-294","page","type-page","status-publish","hentry","entry"],"_links":{"self":[{"href":"https:\/\/monetymatrix.pl\/en\/wp-json\/wp\/v2\/pages\/294","targetHints":{"allow":["GET"]}}],"collection":[{"href":"https:\/\/monetymatrix.pl\/en\/wp-json\/wp\/v2\/pages"}],"about":[{"href":"https:\/\/monetymatrix.pl\/en\/wp-json\/wp\/v2\/types\/page"}],"author":[{"embeddable":true,"href":"https:\/\/monetymatrix.pl\/en\/wp-json\/wp\/v2\/users\/2"}],"replies":[{"embeddable":true,"href":"https:\/\/monetymatrix.pl\/en\/wp-json\/wp\/v2\/comments?post=294"}],"version-history":[{"count":0,"href":"https:\/\/monetymatrix.pl\/en\/wp-json\/wp\/v2\/pages\/294\/revisions"}],"wp:attachment":[{"href":"https:\/\/monetymatrix.pl\/en\/wp-json\/wp\/v2\/media?parent=294"}],"curies":[{"name":"wp","href":"https:\/\/api.w.org\/{rel}","templated":true}]}}